{"id":763,"date":"2015-08-07T07:42:30","date_gmt":"2015-08-07T07:42:30","guid":{"rendered":"http:\/\/clubamistadcubausa.com\/blog\/?page_id=763"},"modified":"2015-08-07T07:42:30","modified_gmt":"2015-08-07T07:42:30","slug":"fines-del-club-de-amistad-cuba-usa","status":"publish","type":"page","link":"https:\/\/natureduca.com\/clubamistadcubausa\/fines-del-club-de-amistad-cuba-usa\/","title":{"rendered":"Fines del Club de Amistad Cuba-USA"},"content":{"rendered":"<p>El CLUB DE AMISTAD CUBA-USA tiene como fines trabajar en el<br \/>\ncampo de las relaciones amistosas entre los pueblos de Cuba y<br \/>\nEstados Unidos de Am\u00e9rica y los dem\u00e1s pueblos, fomentando y<br \/>\npromoviendo la Cultura, el Arte, la Educaci\u00f3n, y la difusi\u00f3n de<br \/>\ncontenidos educativos, as\u00ed como la ejecuci\u00f3n de programas y\/o<br \/>\nproyectos de desarrollo encaminados a la consecuci\u00f3n de esos<br \/>\nobjetivos, y espec\u00edficamente en lo que respecta a los siguientes<br \/>\npuntos:<\/p>\n<p>a) Difusi\u00f3n, por cualquier medio leg\u00edtimo, de contenidos<br \/>\nrelacionados con la Cultura, el Arte, la Educaci\u00f3n y las Ciencias<br \/>\nNaturales, con hincapi\u00e9 en los temas de inter\u00e9s social, el<br \/>\nfomento de las relaciones humanas a trav\u00e9s de la cultura y las<br \/>\ntradiciones, el acercamiento intercultural entre los pueblos, y el<br \/>\nconocimiento hist\u00f3rico de la mentalidad y el pensamiento.<\/p>\n<p>b) Promover la creaci\u00f3n de una dimensi\u00f3n global del<br \/>\nconocimiento sin barreras, mediante la difusi\u00f3n libre de<br \/>\nmateriales y contenidos educativos cuyos derechos lo permitan,<br \/>\nen cualquier soporte y medio, con especial atenci\u00f3n a aquellos<br \/>\nde gran aceptaci\u00f3n social y cobertura geogr\u00e1fica, como Internet,<br \/>\ny tomando con preferencia las franjas de edades tempranas, por<br \/>\nnaturaleza m\u00e1s sensibles a la asimilaci\u00f3n y compromiso de un<br \/>\ncambio social m\u00e1s justo y humano en futuras generaciones.<\/p>\n<p>c) Fomentar la educaci\u00f3n en valores medioambientales y<br \/>\nactitudes positivas, promoviendo la formaci\u00f3n e informaci\u00f3n<br \/>\nsobre el cuidado que se debe al ambiente natural, as\u00ed como la<br \/>\nprogramaci\u00f3n de actividades para la concienciaci\u00f3n ecol\u00f3gica, y<br \/>\nel dise\u00f1o, financiaci\u00f3n, canalizaci\u00f3n y ejecuci\u00f3n de proyectos<br \/>\nencaminados al desarrollo sostenible y conservaci\u00f3n de la<br \/>\nNaturaleza.<\/p>\n<p>d) Promover y desarrollar toda actividad cultural que tienda a<br \/>\nla participaci\u00f3n ciudadana, como exposiciones, debates,<br \/>\ncoloquios, acciones de recuperaci\u00f3n de material y\/o<br \/>\ndocumentaci\u00f3n hist\u00f3rica, de la m\u00fasica y el folclore popular, de la<br \/>\ngastronom\u00eda t\u00edpica, o del patrimonio hist\u00f3rico y art\u00edstico.<\/p>\n<p>e) Contribuir al desarrollo e integraci\u00f3n regional y nacional de<br \/>\nun lugar, regi\u00f3n, pa\u00eds o divisi\u00f3n administrativa en donde se<br \/>\ndesenvuelvan las actividades educativas, colaborando en la<br \/>\nconservaci\u00f3n de las lenguas aut\u00f3ctonas, afirmando valores y<br \/>\ntradiciones culturales, sobre la base de la convivencia<br \/>\ndemocr\u00e1tica, pac\u00edfica, solidaria y en observancia a los Derechos<br \/>\nHumanos.<\/p>\n<p>f) Realizar estudios, proyectos, programas y actividades<br \/>\nrelacionados con los fines del CLUB, y difundirlos mediante<br \/>\ncualquier medio leg\u00edtimo para alcanzar sus objetivos, tales como<br \/>\npublicaci\u00f3n de textos, revistas curriculares, convenciones,<br \/>\ndebates medi\u00e1ticos, difusi\u00f3n electr\u00f3nica, etc. Igualmente,<br \/>\nfacilitar y\/o financiar la edici\u00f3n de publicaciones de esta<br \/>\nnaturaleza a los autores cuyas obras encajen en los objetivos<br \/>\nbuscados por el CLUB.<\/p>\n<p>g) Colaborar en la creaci\u00f3n y mantenimiento de obras de<br \/>\ninter\u00e9s social relacionadas con la Cultura, el Arte, la Educaci\u00f3n y<br \/>\nlas Ciencias Naturales, tales como bibliotecas, fomento de la<br \/>\nlectura, actividades de contacto con la Naturaleza, defensa del<br \/>\nMedio Ambiente, espacios deportivos y recreativos, etc.<\/p>\n<p>h) Prestar una especial atenci\u00f3n al mundo infantil y juvenil en<br \/>\nel dise\u00f1o y aplicaci\u00f3n de las actividades y programas educativos<br \/>\nque el CLUB decida abordar, con preferencia de los menores<br \/>\npertenecientes a colectivos o grupos sociales menos favorecidos.<br \/>\nAsimismo, y en la medida de la solvencia del CLUB, cooperar con<br \/>\nel bienestar de las poblaciones en la tercera edad y de las<br \/>\npersonas que padecen limitaciones f\u00edsicas.<\/p>\n<p>i) Cultivar el conocimiento de la historia de Cuba y de los<br \/>\nEstados Unidos de Am\u00e9rica, y de la relaci\u00f3n hist\u00f3rica y presente<br \/>\nde ambos pueblos, as\u00ed como participar, en la promoci\u00f3n y<br \/>\ndifusi\u00f3n de proyectos de desarrollo y progreso mediante una<br \/>\ncada vez mayor conectividad del capital humano y los beneficios<br \/>\nque ambos pueblos puedan aportar tanto uno a otro como del y<br \/>\npara el resto del mundo.<\/p>\n","protected":false},"excerpt":{"rendered":"<p>El CLUB DE AMISTAD CUBA-USA tiene como fines trabajar en el campo de las relaciones amistosas entre los pueblos de Cuba y Estados Unidos de Am\u00e9rica y los dem\u00e1s pueblos, fomentando y promoviendo la Cultura, el Arte, la Educaci\u00f3n, y la difusi\u00f3n de contenidos educativos, as\u00ed como la ejecuci\u00f3n de&#8230;<\/p>\n<p class=\"continue-reading-button\"> <a class=\"continue-reading-link\" href=\"https:\/\/natureduca.com\/clubamistadcubausa\/fines-del-club-de-amistad-cuba-usa\/\">Continue reading<i class=\"crycon-right-dir\"><\/i><\/a><\/p>\n","protected":false},"author":8,"featured_media":0,"parent":0,"menu_order":0,"comment_status":"open","ping_status":"open","template":"","meta":{"footnotes":""},"class_list":["post-763","page","type-page","status-publish","hentry"],"_links":{"self":[{"href":"https:\/\/natureduca.com\/clubamistadcubausa\/wp-json\/wp\/v2\/pages\/763","targetHints":{"allow":["GET"]}}],"collection":[{"href":"https:\/\/natureduca.com\/clubamistadcubausa\/wp-json\/wp\/v2\/pages"}],"about":[{"href":"https:\/\/natureduca.com\/clubamistadcubausa\/wp-json\/wp\/v2\/types\/page"}],"author":[{"embeddable":true,"href":"https:\/\/natureduca.com\/clubamistadcubausa\/wp-json\/wp\/v2\/users\/8"}],"replies":[{"embeddable":true,"href":"https:\/\/natureduca.com\/clubamistadcubausa\/wp-json\/wp\/v2\/comments?post=763"}],"version-history":[{"count":0,"href":"https:\/\/natureduca.com\/clubamistadcubausa\/wp-json\/wp\/v2\/pages\/763\/revisions"}],"wp:attachment":[{"href":"https:\/\/natureduca.com\/clubamistadcubausa\/wp-json\/wp\/v2\/media?parent=763"}],"curies":[{"name":"wp","href":"https:\/\/api.w.org\/{rel}","templated":true}]}}