{"id":20,"date":"2015-05-14T17:57:51","date_gmt":"2015-05-14T17:57:51","guid":{"rendered":"https:\/\/clubamistadcubausa.wordpress.com\/?page_id=20"},"modified":"2020-09-22T14:12:00","modified_gmt":"2020-09-22T14:12:00","slug":"junta","status":"publish","type":"page","link":"https:\/\/natureduca.com\/clubamistadcubausa\/junta\/","title":{"rendered":"Junta"},"content":{"rendered":"<p><strong>Componentes de la Junta Directiva<\/strong><\/p>\n<hr \/>\n<p>COORDINADOR<\/p>\n<div id=\"attachment_372\" style=\"width: 186px\" class=\"wp-caption alignnone\"><img loading=\"lazy\" decoding=\"async\" aria-describedby=\"caption-attachment-372\" class=\"wp-image-372 size-full\" src=\"https:\/\/natureduca.com\/clubamistadcubausa\/wp-content\/uploads\/2015\/06\/foto_juan_carlos2.png\" alt=\"\" width=\"176\" height=\"208\" \/><p id=\"caption-attachment-372\" class=\"wp-caption-text\">Juan Carlos Linares Balmaseda<\/p><\/div>\n<p><span style=\"text-decoration: underline;\">Biograf\u00eda:<\/span>\u00a0 &#8230;<\/p>\n<hr \/>\n<p>SECRETARIO<\/p>\n<div id=\"attachment_381\" style=\"width: 130px\" class=\"wp-caption alignnone\"><img loading=\"lazy\" decoding=\"async\" aria-describedby=\"caption-attachment-381\" class=\"wp-image-381 size-full\" src=\"https:\/\/natureduca.com\/clubamistadcubausa\/wp-content\/uploads\/2015\/06\/armando_soler.jpg\" alt=\"\" width=\"120\" height=\"127\" \/><p id=\"caption-attachment-381\" class=\"wp-caption-text\">Armando\u00a0Soler Serrano<\/p><\/div>\n<p><span style=\"text-decoration: underline;\">Biograf\u00eda:<br \/><\/span>Nac\u00ed en 18-2-1953. Soy casado y sin hijos. Soy profesor de artes marciales, pero ya no ejerzo. Humorista, tengo tres novelas terminadas en el g\u00e9nero, aunque aun sin la suerte de publicar.<br \/>Gan\u00e9 menci\u00f3n por la traducci\u00f3n de un ensayo en ingl\u00e9s de Ralph Waldo Emerson en el Concurso Nacional de Traducci\u00f3n \u00abJos\u00e9 Rodr\u00edguez Feo\u00bb 2014.<br \/>He publicado cuentos bajo el seud\u00f3nimo de \u00abCerevro\u00bb en los suplementos humor\u00edsticos cubanos \u00abLa hiena triste\u00bb, \u00abDDT\u00bb y \u00abBohemia\u00bb.<br \/>He publicado caricaturas en el peri\u00f3dico electr\u00f3nico ruso \u00abPrima news\u00bb. Gan\u00e9 menci\u00f3n por traducci\u00f3n en el concurso UNEAC 2015.<br \/>Soy periodista independiente y trabaj\u00e9 como editor de la p\u00e1gina digital de la Asociaci\u00f3n por una Prensa Libre (APLP), donde aun publico art\u00edculos y caricaturas bajo el seud\u00f3nimo de Alexandro del Valle.<br \/>En el presente soy editor del \u00f3rgano de Prensa Independiente Hablemos Press y tambi\u00e9n publico art\u00edculos sobre econom\u00eda y pol\u00edtica internacional. De temas similares, publico sobre temas cubanos en la revista norteamericana bil\u00edng\u00fce \u00abIdentidades\u00bb .<\/p>\n<hr \/>\n<p>WEBMASTER<\/p>\n<p>\u00a0<\/p>\n<div id=\"attachment_836\" style=\"width: 160px\" class=\"wp-caption alignleft\"><img loading=\"lazy\" decoding=\"async\" aria-describedby=\"caption-attachment-836\" class=\"wp-image-836\" src=\"https:\/\/natureduca.com\/clubamistadcubausawp-content\/uploads\/Ilei_de_Jesus.jpg\" alt=\"Ilei_de_Jes\u00fas\" width=\"150\" height=\"188\" \/><p id=\"caption-attachment-836\" class=\"wp-caption-text\">Ilei de Jes\u00fas Urrutia<\/p><\/div>\n<p><span style=\"text-decoration: underline;\">Biograf\u00eda:<br \/><\/span>Ciudadano cubano nacido en la provincia de Ciego de \u00c1vila, el 14 de mayo de 1966. En la actualidad reside en La Habana. Ha ejercido como \u00a0humorista gr\u00e1fico, fot\u00f3grafo, ilustrador, escultor y ocasionalmente como articulista.<\/p>\n<hr \/>\n<p>VOCAL<\/p>\n<p>\u00a0<\/p>\n<div id=\"attachment_837\" style=\"width: 160px\" class=\"wp-caption alignleft\"><a href=\"https:\/\/natureduca.com\/clubamistadcubausawp-content\/uploads\/Teresita_Castellano_Gac\u00eda.jpg\"><img loading=\"lazy\" decoding=\"async\" aria-describedby=\"caption-attachment-837\" class=\"wp-image-837\" src=\"https:\/\/natureduca.com\/clubamistadcubausawp-content\/uploads\/Teresita_Castellano_Gacia.jpg\" alt=\"\" width=\"150\" height=\"182\" \/><\/a><p id=\"caption-attachment-837\" class=\"wp-caption-text\">Teresita Castellanos\u00a0Garc\u00eda<\/p><\/div>\n<p><span style=\"text-decoration: underline;\">Biograf\u00eda:<\/span><br \/>Naci\u00f3 en La Habana en 1962. Es graduada de T\u00e9cnico Medio en Derecho, funge como Coordinadora Nacional de la Red de Bibliotecas C\u00edvicas \u00abReinaldo Bragado Breta\u00f1a\u00bb y Directora de la Revista Curazao 24.<\/p>\n<hr \/>\n<p>\u00a0<\/p>\n<p><strong>Socios de Honor:<\/strong><\/p>\n<hr \/>\n<div id=\"attachment_749\" style=\"width: 142px\" class=\"wp-caption alignnone\"><img loading=\"lazy\" decoding=\"async\" aria-describedby=\"caption-attachment-749\" class=\"wp-image-749 size-full\" src=\"https:\/\/natureduca.com\/clubamistadcubausa\/wp-content\/uploads\/Isidro-Balmaseda-Conde.jpg\" alt=\"\" width=\"132\" height=\"159\" \/><p id=\"caption-attachment-749\" class=\"wp-caption-text\">Isidro Balmaseda Conde<\/p><\/div>\n<p><span style=\"text-decoration: underline;\">Biograf\u00eda:<\/span><br \/>Nace en Octubre 16 de 1950 en Jatibonico, en la actualidad es un municipio de la provincia de Santi Spiritus. Se gradu\u00f3 de Farmac\u00e9utico en la Universidad de La Habana en 1974. Emigrado a USA en 1991. Trabaja como farmac\u00e9utico de CVS Pharmacy en Miami, USA. Ciudadano de los Estados Unidos de Am\u00e9rica.<\/p>\n<hr \/>\n<div id=\"attachment_750\" style=\"width: 160px\" class=\"wp-caption alignnone\"><img loading=\"lazy\" decoding=\"async\" aria-describedby=\"caption-attachment-750\" class=\"wp-image-750 size-full\" src=\"https:\/\/natureduca.com\/clubamistadcubausa\/wp-content\/uploads\/abel150.jpg\" alt=\"\" width=\"150\" height=\"176\" \/><p id=\"caption-attachment-750\" class=\"wp-caption-text\">Abel Dom\u00ednguez<\/p><\/div>\n<p><span style=\"text-decoration: underline;\">Biograf\u00eda:<br \/><\/span>De nacionalidad espa\u00f1ola. Nacido en 1958, en Galicia. Pertenece a la funci\u00f3n p\u00fablica del Estado; especialista en telecomunicaciones. Como escritor de vocaci\u00f3n tard\u00eda colabora con la Revista General de Marina sobre temas profesionales; est\u00e1 en posesi\u00f3n del premio literario Antonio de Oquendo de esa instituci\u00f3n. Fue miembro de las Campa\u00f1as Cient\u00edficas Espa\u00f1olas a la Ant\u00e1rtida 1989-90 y 1990-91. En la actualidad es secretario de la Asociaci\u00f3n Espa\u00f1ola para la Cultura, el Arte y la Educaci\u00f3n (ASOCAE) y gestiona varias webs y blogs sobre Cultura, Naturaleza y Medio Ambiente.<\/p>\n<hr \/>\n<p>\u00a0<\/p>\n<p>\u00a0<\/p>\n<p><strong>Cont\u00e1ctanos:<\/strong><br \/>\u00a0&#8211;&gt;<a href=\"https:\/\/natureduca.com\/clubamistadcubausa\/contacto\/\">Formulario de contacto\u00a0<\/a><\/p>\n\n","protected":false},"excerpt":{"rendered":"<p>Componentes de la Junta Directiva COORDINADOR Biograf\u00eda:\u00a0 &#8230; SECRETARIO Biograf\u00eda:Nac\u00ed en 18-2-1953. Soy casado y sin hijos. Soy profesor de artes marciales, pero ya no ejerzo. Humorista, tengo tres novelas terminadas en el g\u00e9nero, aunque aun sin la suerte de publicar.Gan\u00e9 menci\u00f3n por la traducci\u00f3n de un ensayo en ingl\u00e9s&#8230;<\/p>\n<p class=\"continue-reading-button\"> <a class=\"continue-reading-link\" href=\"https:\/\/natureduca.com\/clubamistadcubausa\/junta\/\">Continue reading<i class=\"crycon-right-dir\"><\/i><\/a><\/p>\n","protected":false},"author":8,"featured_media":0,"parent":0,"menu_order":0,"comment_status":"closed","ping_status":"closed","template":"","meta":{"footnotes":""},"class_list":["post-20","page","type-page","status-publish","hentry"],"_links":{"self":[{"href":"https:\/\/natureduca.com\/clubamistadcubausa\/wp-json\/wp\/v2\/pages\/20","targetHints":{"allow":["GET"]}}],"collection":[{"href":"https:\/\/natureduca.com\/clubamistadcubausa\/wp-json\/wp\/v2\/pages"}],"about":[{"href":"https:\/\/natureduca.com\/clubamistadcubausa\/wp-json\/wp\/v2\/types\/page"}],"author":[{"embeddable":true,"href":"https:\/\/natureduca.com\/clubamistadcubausa\/wp-json\/wp\/v2\/users\/8"}],"replies":[{"embeddable":true,"href":"https:\/\/natureduca.com\/clubamistadcubausa\/wp-json\/wp\/v2\/comments?post=20"}],"version-history":[{"count":1,"href":"https:\/\/natureduca.com\/clubamistadcubausa\/wp-json\/wp\/v2\/pages\/20\/revisions"}],"predecessor-version":[{"id":1244,"href":"https:\/\/natureduca.com\/clubamistadcubausa\/wp-json\/wp\/v2\/pages\/20\/revisions\/1244"}],"wp:attachment":[{"href":"https:\/\/natureduca.com\/clubamistadcubausa\/wp-json\/wp\/v2\/media?parent=20"}],"curies":[{"name":"wp","href":"https:\/\/api.w.org\/{rel}","templated":true}]}}