{"id":726,"date":"2021-12-01T20:51:21","date_gmt":"2021-12-01T20:51:21","guid":{"rendered":"https:\/\/natureduca.com\/aula\/?page_id=726"},"modified":"2022-10-16T20:46:44","modified_gmt":"2022-10-16T20:46:44","slug":"indice-actividades-ecologicas","status":"publish","type":"page","link":"https:\/\/natureduca.com\/aula\/indice-actividades-ecologicas\/","title":{"rendered":"\u00cdndice: Actividades ecol\u00f3gicas"},"content":{"rendered":"\t\t\t\t<div class=\"wp-block-uagb-table-of-contents uagb-toc__align-left uagb-toc__columns-1  uagb-block-8614c3f9      \"\n\t\t\t\t\tdata-scroll= \"1\"\n\t\t\t\t\tdata-offset= \"30\"\n\t\t\t\t\tstyle=\"\"\n\t\t\t\t>\n\t\t\t\t<div class=\"uagb-toc__wrap\">\n\t\t\t\t\t\t<div class=\"uagb-toc__title\">\n\t\t\t\t\t\t\tTabla de contenidos\t\t\t\t\t\t<\/div>\n\t\t\t\t\t\t\t\t\t\t\t\t\t\t\t\t\t\t\t\t\t\t<div class=\"uagb-toc__list-wrap \">\n\t\t\t\t\t\t<ol class=\"uagb-toc__list\"><li class=\"uagb-toc__list\"><a href=\"#residuos\" class=\"uagb-toc-link__trigger\">RESIDUOS<\/a><li class=\"uagb-toc__list\"><a href=\"#aprovechamientos\" class=\"uagb-toc-link__trigger\">APROVECHAMIENTOS<\/a><li class=\"uagb-toc__list\"><a href=\"#convivencia\" class=\"uagb-toc-link__trigger\">CONVIVENCIA<\/a><li class=\"uagb-toc__list\"><a href=\"#vivir-la-mar\" class=\"uagb-toc-link__trigger\">VIVIR LA MAR<\/a><li class=\"uagb-toc__list\"><a href=\"#colaboraciones\" class=\"uagb-toc-link__trigger\">COLABORACIONES<\/a><\/ol>\t\t\t\t\t<\/div>\n\t\t\t\t\t\t\t\t\t<\/div>\n\t\t\t\t<\/div>\n\t\t\t\n\n\n<h2 class=\"wp-block-heading\">RESIDUOS<\/h2>\n\n\n\n<ul class=\"wp-block-list\"><li><a href=\"https:\/\/natureduca.com\/aula\/actividades-ecologicas-residuos-el-reciclaje-generalidades\/\">El reciclaje &#8211; generalidades <\/a><br>La limitaciones en el mantenimiento del equilibrio obligan al reciclaje; producci\u00f3n de residuos&nbsp;<em>per capita<\/em>; materias que deben considerarse para el reciclaje; proceso del reciclado; recuperaci\u00f3n de los materiales reciclables; materias que no admiten reciclaje<\/li><li><a href=\"https:\/\/natureduca.com\/aula\/actividades-ecologicas-residuos-el-reciclaje-del-papel\/\">El reciclaje del papel<\/a><br>Introducci\u00f3n, el origen de la materia prima, el proceso de fabricaci\u00f3n del papel, el papel \u00abreciclado\u00bb y el papel \u00abecol\u00f3gico\u00bb, los pros y contras del proceso de reciclaje, las ventajas de utilizar papel reciclado y ecol\u00f3gico.<\/li><li><a href=\"https:\/\/natureduca.com\/aula\/actividades-ecologicas-residuos-eliminacion-de-residuos-solidos-1a-parte\/\">Eliminaci\u00f3n e residuos s\u00f3lidos &#8211; 1\u00aa parte<\/a><br>Los m\u00e9todos de eliminaci\u00f3n o transformaci\u00f3n: vertidos controlados, incineraci\u00f3n.<\/li><li><a href=\"https:\/\/natureduca.com\/aula\/actividades-ecologicas-residuos-eliminacion-de-residuos-solidos-2a-parte\/\">Eliminaci\u00f3n de residuos s\u00f3lidos &#8211; 2\u00aa parte<\/a><br>Los m\u00e9todos de eliminaci\u00f3n o transformaci\u00f3n (continuaci\u00f3n): elaboraci\u00f3n de abonos y fertilizantes, reciclaje. Tratamiento de los residuos t\u00f3xicos y peligrosos.<\/li><li><a href=\"https:\/\/natureduca.com\/aula\/actividades-ecologicas-residuos-eliminacion-de-residuos-urbanos-1a-parte\/\">Eliminaci\u00f3n de residuos urbanos &#8211; 1\u00aa parte<\/a><br>Las tres \u00abR\u00bb; en el reciclaje est\u00e1 la clave del \u00e9xito; lo que podemos hacer desde nuestros hogares: objetos innecesarios, prestar atenci\u00f3n al tipo de envase, recuperar la bolsa de la compra.<\/li><li><a href=\"https:\/\/natureduca.com\/aula\/actividades-ecologicas-residuos-eliminacion-de-residuos-urbanos-2a-parte\/\">Eliminaci\u00f3n de residuos urbanos &#8211; 2\u00aa parte<\/a><br>Lo que podemos hacer desde nuestros hogares (continuaci\u00f3n): no a los productos de un solo uso, hay personas que tambi\u00e9n viven de nuestros desechos, productos muy da\u00f1inos para el medio ambiente, preparar compost con la materia org\u00e1nica.<\/li><\/ul>\n\n\n\n<h2 class=\"wp-block-heading\">APROVECHAMIENTOS<\/h2>\n\n\n\n<ul class=\"wp-block-list\"><li><a href=\"https:\/\/natureduca.com\/aula\/actividades-ecologicas-aprovechamientos-utilizacion-de-materias-biodegradables-1a-parte\/\">Utilizaci\u00f3n de materias biodegradables &#8211; 1\u00aa parte<\/a><br>Introducci\u00f3n, qu\u00e9 es y c\u00f3mo se produce la biodegradaci\u00f3n.<\/li><li><a href=\"https:\/\/natureduca.com\/aula\/actividades-ecologicas-aprovechamientos-utilizacion-de-materias-biodegradables-2a-parte\/\">Utilizaci\u00f3n de materias biodegradables &#8211; 2\u00aa parte<\/a><br>La diferencia entre reciclable y biodegradable, la necesidad de fabricar y utilizar materiales biodegradables.<\/li><li><a href=\"https:\/\/natureduca.com\/aula\/actividades-ecologicas-aprovechamientos-los-cultivos-biologicos-1a-parte\/\">Los cultivos biol\u00f3gicos &#8211; 1\u00aa parte<\/a><br>Introducci\u00f3n, qu\u00e9 son los cultivos biol\u00f3gicos.<\/li><li><a href=\"https:\/\/natureduca.com\/aula\/actividades-ecologicas-aprovechamientos-los-cultivos-biologicos-2a-parte\/\">Los cultivos biol\u00f3gicos &#8211; 2\u00aa parte<\/a><br>T\u00e9cnica de rotaci\u00f3n, c\u00f3mo se realizan los cultivos, las cualidades.<\/li><li><a href=\"https:\/\/natureduca.com\/aula\/actividades-ecologicas-aprovechamientos-el-compost-1a-parte\/\">Aprovechamiento de los restos org\u00e1nicos: el compost &#8211; 1\u00aa parte<\/a><br>Introducci\u00f3n; importancia de la materia org\u00e1nica en las tierras de cultivo.<\/li><li><a href=\"https:\/\/natureduca.com\/aula\/actividades-ecologicas-aprovechamientos-el-compost-2a-parte\/\">Aprovechamiento de los restos org\u00e1nicos: el compost &#8211; 2\u00aa parte<\/a><br>Qu\u00e9 es el compost; elaboraci\u00f3n.<\/li><li><a href=\"https:\/\/natureduca.com\/aula\/actividades-ecologicas-aprovechamientos-los-tejidos-ecologicos-1a-parte\/\">Los tejidos ecol\u00f3gicos &#8211; 1\u00aa parte<\/a><br>Introducci\u00f3n; Los da\u00f1os al medio ambiente y la salud de las fibras artificiales: los cultivos intensivos.<\/li><li><a href=\"https:\/\/natureduca.com\/aula\/actividades-ecologicas-aprovechamientos-los-tejidos-ecologicos-2a-parte\/\">Los tejidos ecol\u00f3gicos &#8211; 2\u00aa parte<\/a><br>Las ventajas de las fibras naturales: la lana, la fibra natural aislante; el algod\u00f3n, la fibra vegetal m\u00e1s com\u00fan en todo el mundo; el lino, la fibra vegetal m\u00e1s ecol\u00f3gica.<\/li><\/ul>\n\n\n\n<h2 class=\"wp-block-heading\">CONVIVENCIA<\/h2>\n\n\n\n<ul class=\"wp-block-list\"><li><a href=\"https:\/\/natureduca.com\/aula\/actividades-ecologicas-convivencias-convivir-con-las-aves-urbanas-1a-parte\/\">Convivir con las aves urbanas &#8211; 1\u00aa parte<\/a><br>Compartir el techo y sobrevivir de los desechos, que buscan las aves en las zonas urbanas, que beneficios obtiene el hombre.<\/li><li><a href=\"https:\/\/natureduca.com\/aula\/actividades-ecologicas-convivencias-convivir-con-las-aves-urbanas-2a-parte\/\">Convivir con las aves urbanas &#8211; 2\u00aa parte<\/a><br>Las adaptaciones al medio urbano, los conflictos poblacionales de las aves urbanas.<\/li><li><a href=\"https:\/\/natureduca.com\/aula\/actividades-ecologicas-convivencias-convivir-con-las-abejas-1a-parte\/\">Convivir con las abejas &#8211; 1\u00aa parte<\/a><br>Introducci\u00f3n, los beneficios que obtiene el hombre, defendernos de las abejas conociendo sus costumbres.<\/li><li><a href=\"https:\/\/natureduca.com\/aula\/actividades-ecologicas-convivencias-convivir-con-las-abejas-2a-parte\/\">Convivir con las abejas &#8211; 2\u00aa parte<\/a><br>Defendernos de las abejas conociendo sus costumbres (continuaci\u00f3n), si sufri\u00e9semos una picadura&#8230;<\/li><\/ul>\n\n\n\n<h2 class=\"wp-block-heading\">VIVIR LA MAR<\/h2>\n\n\n\n<ul class=\"wp-block-list\"><li><a href=\"https:\/\/natureduca.com\/aula\/actividades-ecologicas-vivir-la-mar-breve-historia-de-la-navegacion-1a-parte\/\">Breve historia de la navegaci\u00f3n &#8211; 1\u00aa parte<\/a><br>Los comienzos, mitos y leyendas, testimonios hist\u00f3ricos, los fenicios.<\/li><li><a href=\"https:\/\/natureduca.com\/aula\/actividades-ecologicas-vivir-la-mar-breve-historia-de-la-navegacion-2a-parte\/\">Breve historia de la navegaci\u00f3n &#8211; 2\u00aa parte<\/a><br>Pueblos que destacaron por sus habilidades de navegaci\u00f3n, descubrimientos, la historia de la embarcaci\u00f3n.<\/li><li><a href=\"https:\/\/natureduca.com\/aula\/actividades-ecologicas-vivir-la-mar-breve-historia-de-la-navegacion-3a-parte\/\">Breve historia de la navegaci\u00f3n &#8211; 3\u00aa parte<\/a><br>La historia de la navegaci\u00f3n en la \u00e9poca de la marina de velas; \u00faltimas tecnolog\u00edas de la navegaci\u00f3n.<\/li><li><a href=\"https:\/\/natureduca.com\/aula\/actividades-ecologicas-vivir-la-mar-los-marineros-y-su-devocion-a-la-virgen-del-carmen-1a-parte\/\">Los marineros y su devoci\u00f3n a la Virgen del Carmen &#8211; 1\u00aa parte<\/a><br>Introducci\u00f3n, antecedentes hist\u00f3rico-mitol\u00f3gicos.<\/li><li><a href=\"https:\/\/natureduca.com\/aula\/actividades-ecologicas-vivir-la-mar-los-marineros-y-su-devocion-a-la-virgen-del-carmen-2a-parte\/\">Los marineros y su devoci\u00f3n a la Virgen del Carmen &#8211; 2\u00aa parte<\/a><br>La vinculaci\u00f3n de la Virgen del Carmen con los hombres y mujeres de la mar.<\/li><\/ul>\n\n\n\n<h2 class=\"wp-block-heading\">COLABORACIONES<\/h2>\n\n\n\n<ul class=\"wp-block-list\"><li><\/li><li><a href=\"https:\/\/natureduca.com\/aula\/actividades-ecologicas-colaboraciones-elaboro-mi-propio-vino-y-sus-derivados-1a-parte\/\">Elaboro mi propio vino y sus derivados &#8211; 1\u00aa parte<\/a><br>Por: Abel Dom\u00ednguez. Introducci\u00f3n. Ubicaci\u00f3n y orograf\u00eda del lugar.<\/li><li><a href=\"https:\/\/natureduca.com\/aula\/actividades-ecologicas-colaboraciones-elaboro-mi-propio-vino-y-sus-derivados-2a-parte\/\">Elaboro mi propio vino y sus derivados &#8211; 2\u00aa parte<\/a><br>El cultivo de la vid: maquinaria y equipos auxiliares: recipientes.<\/li><li><a href=\"https:\/\/natureduca.com\/aula\/actividades-ecologicas-colaboraciones-elaboro-mi-propio-vino-y-sus-derivados-3a-parte\/\">Elaboro mi propio vino y sus derivados &#8211; 3\u00aa parte<\/a><br>El cultivo de la vid (continuaci\u00f3n): Variedades, patrones, acodos.<\/li><li><a href=\"https:\/\/natureduca.com\/aula\/actividades-ecologicas-colaboraciones-elaboro-mi-propio-vino-y-sus-derivados-4a-parte\/\">Elaboro mi propio vino y sus derivados &#8211; 4\u00aa parte<\/a><br>El cultivo de la vid (continuaci\u00f3n): Poda.<\/li><li><a href=\"https:\/\/natureduca.com\/aula\/actividades-ecologicas-colaboraciones-elaboro-mi-propio-vino-y-sus-derivados-5a-parte\/\">Elaboro mi propio vino y sus derivados &#8211; 5\u00aa parte<\/a><br>El cultivo de la vid (continuaci\u00f3n): Atado.<\/li><li><a href=\"https:\/\/natureduca.com\/aula\/actividades-ecologicas-colaboraciones-elaboro-mi-propio-vino-y-sus-derivados-6a-parte\/\">Elaboro mi propio vino y sus derivados &#8211; 6\u00aa parte<\/a><br>El cultivo de la vid (continuaci\u00f3n): Bimbios: Reproducci\u00f3n, tipos de bimbios: mansos.<\/li><li><a href=\"https:\/\/natureduca.com\/aula\/actividades-ecologicas-colaboraciones-elaboro-mi-propio-vino-y-sus-derivados-7a-parte\/\">Elaboro mi propio vino y sus derivados &#8211; 7\u00aa parte<\/a><br>El cultivo de la vid (continuaci\u00f3n): Bimbios (continuaci\u00f3n): Tipos de bimbios (continuaci\u00f3n): blancos, verdes, bravos, chamadizas.<\/li><li><a href=\"https:\/\/natureduca.com\/aula\/actividades-ecologicas-colaboraciones-elaboro-mi-propio-vino-y-sus-derivados-8a-parte\/\">Elaboro mi propio vino y sus derivados &#8211; 8\u00aa parte<\/a><br>El cultivo de la vid (continuaci\u00f3n): Injertado.<\/li><li><a href=\"https:\/\/natureduca.com\/aula\/actividades-ecologicas-colaboraciones-elaboro-mi-propio-vino-y-sus-derivados-9a-parte\/\">Elaboro mi propio vino y sus derivados &#8211; 9\u00aa parte<\/a><br>El cultivo de la vid (continuaci\u00f3n): sulfatado y tratamientos.<\/li><li><a href=\"https:\/\/natureduca.com\/aula\/actividades-ecologicas-colaboraciones-elaboro-mi-propio-vino-y-sus-derivados-10a-parte\/\">Elaboro mi propio vino y sus derivados &#8211; 10\u00aa parte<\/a><br>La elaboraci\u00f3n del vino: Deshojado y vendimia, fermentaci\u00f3n, trasegado.<\/li><li><a href=\"https:\/\/natureduca.com\/aula\/actividades-ecologicas-colaboraciones-elaboro-mi-propio-vino-y-sus-derivados-11a-parte\/\">Elaboro mi propio vino y sus derivados &#8211; 11\u00aa parte<\/a><br>La elaboraci\u00f3n del aguardiente de orujo: Antecedentes culturales; destilaci\u00f3n artesanal: aspectos legales, el alambique.<\/li><li><a href=\"https:\/\/natureduca.com\/aula\/actividades-ecologicas-colaboraciones-elaboro-mi-propio-vino-y-sus-derivados-12a-parte\/\">Elaboro mi propio vino y sus derivados &#8211; 12\u00aa parte<\/a><br>La elaboraci\u00f3n del aguardiente de orujo (continuaci\u00f3n): destilaci\u00f3n artesanal (continuaci\u00f3n): el alambique (continuaci\u00f3n), proceso de destilaci\u00f3n.<\/li><li><a href=\"https:\/\/natureduca.com\/aula\/actividades-ecologicas-colaboraciones-elaboro-mi-propio-vino-y-sus-derivados-13a-parte\/\">Elaboro mi propio vino y sus derivados &#8211; 13\u00aa parte<\/a><br>La elaboraci\u00f3n del aguardiente de orujo (continuaci\u00f3n): destilaci\u00f3n artesanal (continuaci\u00f3n): el alambique (continuaci\u00f3n), proceso de destilaci\u00f3n (continuaci\u00f3n).<\/li><li><a href=\"https:\/\/natureduca.com\/aula\/actividades-ecologicas-colaboraciones-elaboro-mi-propio-vino-y-sus-derivados-14a-parte\/\">Elaboro mi propio vino y sus derivados &#8211; 14\u00aa parte<\/a><br>La elaboraci\u00f3n del aguardiente de orujo (continuaci\u00f3n): destilaci\u00f3n artesanal (continuaci\u00f3n): el alambique (continuaci\u00f3n), proceso de destilaci\u00f3n (continuaci\u00f3n). El aguardiente de hierbas. La La elaboraci\u00f3n del vinagre.<\/li><li><a href=\"Ginkgo: mi \u00e1rbol de la amistad\">Ginkgo: mi \u00e1rbol de la amistad<\/a><br>Por: Abel Dom\u00ednguez.<\/li><\/ul>\n\n\n\n<p class=\"has-text-align-center\"><a href=\"https:\/\/natureduca.com\/aula\/index.php\"><img title=\" \"decoding=\"async\" src=\"https:\/\/natureduca.com\/logos\/icono_index1.jpg\" alt=\" \"><br>INICIO<\/a><\/p>\n","protected":false},"excerpt":{"rendered":"<p>RESIDUOS El reciclaje &#8211; generalidades La limitaciones en el mantenimiento del equilibrio obligan al reciclaje; producci\u00f3n de residuos&nbsp;per capita; materias que deben considerarse para el reciclaje; proceso del reciclado; recuperaci\u00f3n de los materiales reciclables; materias que no admiten reciclaje El reciclaje del papelIntroducci\u00f3n, el origen de la materia prima, el&#8230;<\/p>\n<p class=\"continue-reading-button\"> <a class=\"continue-reading-link\" href=\"https:\/\/natureduca.com\/aula\/indice-actividades-ecologicas\/\">Seguir leyendo&#8230;<i class=\"crycon-right-dir\"><\/i><\/a><\/p>\n","protected":false},"author":3,"featured_media":-1,"parent":0,"menu_order":0,"comment_status":"closed","ping_status":"closed","template":"","meta":{"_uag_custom_page_level_css":"","footnotes":""},"class_list":["post-726","page","type-page","status-publish","has-post-thumbnail","hentry"],"yoast_head":"<!-- This site is optimized with the Yoast SEO plugin v27.4 - https:\/\/yoast.com\/product\/yoast-seo-wordpress\/ -->\n<title>\u00cdndice: Actividades ecol\u00f3gicas - Aula de Naturaleza educativa<\/title>\n<meta name=\"robots\" content=\"index, follow, max-snippet:-1, max-image-preview:large, max-video-preview:-1\" \/>\n<link rel=\"canonical\" href=\"https:\/\/natureduca.com\/aula\/indice-actividades-ecologicas\/\" \/>\n<meta property=\"og:locale\" content=\"es_ES\" \/>\n<meta property=\"og:type\" content=\"article\" \/>\n<meta property=\"og:title\" content=\"\u00cdndice: Actividades ecol\u00f3gicas - Aula de Naturaleza educativa\" \/>\n<meta property=\"og:description\" content=\"RESIDUOS El reciclaje &#8211; generalidades La limitaciones en el mantenimiento del equilibrio obligan al reciclaje; producci\u00f3n de residuos&nbsp;per capita; materias que deben considerarse para el reciclaje; proceso del reciclado; recuperaci\u00f3n de los materiales reciclables; materias que no admiten reciclaje El reciclaje del papelIntroducci\u00f3n, el origen de la materia prima, el... Seguir leyendo...\" \/>\n<meta property=\"og:url\" content=\"https:\/\/natureduca.com\/aula\/indice-actividades-ecologicas\/\" \/>\n<meta property=\"og:site_name\" content=\"Aula de Naturaleza educativa\" \/>\n<meta property=\"article:modified_time\" content=\"2022-10-16T20:46:44+00:00\" \/>\n<meta name=\"twitter:card\" content=\"summary_large_image\" \/>\n<meta name=\"twitter:label1\" content=\"Tiempo de lectura\" \/>\n\t<meta name=\"twitter:data1\" content=\"5 minutos\" \/>\n<script type=\"application\/ld+json\" class=\"yoast-schema-graph\">{\"@context\":\"https:\\\/\\\/schema.org\",\"@graph\":[{\"@type\":\"WebPage\",\"@id\":\"https:\\\/\\\/natureduca.com\\\/aula\\\/indice-actividades-ecologicas\\\/\",\"url\":\"https:\\\/\\\/natureduca.com\\\/aula\\\/indice-actividades-ecologicas\\\/\",\"name\":\"\u00cdndice: Actividades ecol\u00f3gicas - Aula de Naturaleza educativa\",\"isPartOf\":{\"@id\":\"https:\\\/\\\/natureduca.com\\\/aula\\\/#website\"},\"primaryImageOfPage\":{\"@id\":\"https:\\\/\\\/natureduca.com\\\/aula\\\/indice-actividades-ecologicas\\\/#primaryimage\"},\"image\":{\"@id\":\"https:\\\/\\\/natureduca.com\\\/aula\\\/indice-actividades-ecologicas\\\/#primaryimage\"},\"thumbnailUrl\":\"https:\\\/\\\/natureduca.com\\\/logos\\\/icono_index1.jpg\",\"datePublished\":\"2021-12-01T20:51:21+00:00\",\"dateModified\":\"2022-10-16T20:46:44+00:00\",\"breadcrumb\":{\"@id\":\"https:\\\/\\\/natureduca.com\\\/aula\\\/indice-actividades-ecologicas\\\/#breadcrumb\"},\"inLanguage\":\"es\",\"potentialAction\":[{\"@type\":\"ReadAction\",\"target\":[\"https:\\\/\\\/natureduca.com\\\/aula\\\/indice-actividades-ecologicas\\\/\"]}]},{\"@type\":\"ImageObject\",\"inLanguage\":\"es\",\"@id\":\"https:\\\/\\\/natureduca.com\\\/aula\\\/indice-actividades-ecologicas\\\/#primaryimage\",\"url\":\"https:\\\/\\\/natureduca.com\\\/logos\\\/icono_index1.jpg\",\"contentUrl\":\"https:\\\/\\\/natureduca.com\\\/logos\\\/icono_index1.jpg\"},{\"@type\":\"BreadcrumbList\",\"@id\":\"https:\\\/\\\/natureduca.com\\\/aula\\\/indice-actividades-ecologicas\\\/#breadcrumb\",\"itemListElement\":[{\"@type\":\"ListItem\",\"position\":1,\"name\":\"Portada\",\"item\":\"https:\\\/\\\/natureduca.com\\\/aula\\\/\"},{\"@type\":\"ListItem\",\"position\":2,\"name\":\"\u00cdndice: Actividades ecol\u00f3gicas\"}]},{\"@type\":\"WebSite\",\"@id\":\"https:\\\/\\\/natureduca.com\\\/aula\\\/#website\",\"url\":\"https:\\\/\\\/natureduca.com\\\/aula\\\/\",\"name\":\"Aula de Naturaleza educativa\",\"description\":\"Aula de Naturaleza educativa. Miles de art\u00edculos enciclop\u00e9dicos sobre Naturaleza, Medioambiente y Tecnolog\u00eda\",\"potentialAction\":[{\"@type\":\"SearchAction\",\"target\":{\"@type\":\"EntryPoint\",\"urlTemplate\":\"https:\\\/\\\/natureduca.com\\\/aula\\\/?s={search_term_string}\"},\"query-input\":{\"@type\":\"PropertyValueSpecification\",\"valueRequired\":true,\"valueName\":\"search_term_string\"}}],\"inLanguage\":\"es\"}]}<\/script>\n<!-- \/ Yoast SEO plugin. -->","yoast_head_json":{"title":"\u00cdndice: Actividades ecol\u00f3gicas - Aula de Naturaleza educativa","robots":{"index":"index","follow":"follow","max-snippet":"max-snippet:-1","max-image-preview":"max-image-preview:large","max-video-preview":"max-video-preview:-1"},"canonical":"https:\/\/natureduca.com\/aula\/indice-actividades-ecologicas\/","og_locale":"es_ES","og_type":"article","og_title":"\u00cdndice: Actividades ecol\u00f3gicas - Aula de Naturaleza educativa","og_description":"RESIDUOS El reciclaje &#8211; generalidades La limitaciones en el mantenimiento del equilibrio obligan al reciclaje; producci\u00f3n de residuos&nbsp;per capita; materias que deben considerarse para el reciclaje; proceso del reciclado; recuperaci\u00f3n de los materiales reciclables; materias que no admiten reciclaje El reciclaje del papelIntroducci\u00f3n, el origen de la materia prima, el... Seguir leyendo...","og_url":"https:\/\/natureduca.com\/aula\/indice-actividades-ecologicas\/","og_site_name":"Aula de Naturaleza educativa","article_modified_time":"2022-10-16T20:46:44+00:00","twitter_card":"summary_large_image","twitter_misc":{"Tiempo de lectura":"5 minutos"},"schema":{"@context":"https:\/\/schema.org","@graph":[{"@type":"WebPage","@id":"https:\/\/natureduca.com\/aula\/indice-actividades-ecologicas\/","url":"https:\/\/natureduca.com\/aula\/indice-actividades-ecologicas\/","name":"\u00cdndice: Actividades ecol\u00f3gicas - Aula de Naturaleza educativa","isPartOf":{"@id":"https:\/\/natureduca.com\/aula\/#website"},"primaryImageOfPage":{"@id":"https:\/\/natureduca.com\/aula\/indice-actividades-ecologicas\/#primaryimage"},"image":{"@id":"https:\/\/natureduca.com\/aula\/indice-actividades-ecologicas\/#primaryimage"},"thumbnailUrl":"https:\/\/natureduca.com\/logos\/icono_index1.jpg","datePublished":"2021-12-01T20:51:21+00:00","dateModified":"2022-10-16T20:46:44+00:00","breadcrumb":{"@id":"https:\/\/natureduca.com\/aula\/indice-actividades-ecologicas\/#breadcrumb"},"inLanguage":"es","potentialAction":[{"@type":"ReadAction","target":["https:\/\/natureduca.com\/aula\/indice-actividades-ecologicas\/"]}]},{"@type":"ImageObject","inLanguage":"es","@id":"https:\/\/natureduca.com\/aula\/indice-actividades-ecologicas\/#primaryimage","url":"https:\/\/natureduca.com\/logos\/icono_index1.jpg","contentUrl":"https:\/\/natureduca.com\/logos\/icono_index1.jpg"},{"@type":"BreadcrumbList","@id":"https:\/\/natureduca.com\/aula\/indice-actividades-ecologicas\/#breadcrumb","itemListElement":[{"@type":"ListItem","position":1,"name":"Portada","item":"https:\/\/natureduca.com\/aula\/"},{"@type":"ListItem","position":2,"name":"\u00cdndice: Actividades ecol\u00f3gicas"}]},{"@type":"WebSite","@id":"https:\/\/natureduca.com\/aula\/#website","url":"https:\/\/natureduca.com\/aula\/","name":"Aula de Naturaleza educativa","description":"Aula de Naturaleza educativa. Miles de art\u00edculos enciclop\u00e9dicos sobre Naturaleza, Medioambiente y Tecnolog\u00eda","potentialAction":[{"@type":"SearchAction","target":{"@type":"EntryPoint","urlTemplate":"https:\/\/natureduca.com\/aula\/?s={search_term_string}"},"query-input":{"@type":"PropertyValueSpecification","valueRequired":true,"valueName":"search_term_string"}}],"inLanguage":"es"}]}},"featured_image_src":null,"featured_image_src_square":null,"uagb_featured_image_src":{"full":false,"thumbnail":false,"medium":false,"medium_large":false,"large":false,"1536x1536":false,"2048x2048":false,"custom":false,"gb-block-post-grid-landscape":false,"gb-block-post-grid-square":false,"post-thumbnail":false,"header":false,"slider":false,"columns":false},"uagb_author_info":{"display_name":"Admin","author_link":"https:\/\/natureduca.com\/aula\/author\/jefe\/"},"uagb_comment_info":0,"uagb_excerpt":"RESIDUOS El reciclaje &#8211; generalidades La limitaciones en el mantenimiento del equilibrio obligan al reciclaje; producci\u00f3n de residuos&nbsp;per capita; materias que deben considerarse para el reciclaje; proceso del reciclado; recuperaci\u00f3n de los materiales reciclables; materias que no admiten reciclaje El reciclaje del papelIntroducci\u00f3n, el origen de la materia prima, el... Seguir leyendo...","amp_enabled":true,"_links":{"self":[{"href":"https:\/\/natureduca.com\/aula\/wp-json\/wp\/v2\/pages\/726","targetHints":{"allow":["GET"]}}],"collection":[{"href":"https:\/\/natureduca.com\/aula\/wp-json\/wp\/v2\/pages"}],"about":[{"href":"https:\/\/natureduca.com\/aula\/wp-json\/wp\/v2\/types\/page"}],"author":[{"embeddable":true,"href":"https:\/\/natureduca.com\/aula\/wp-json\/wp\/v2\/users\/3"}],"replies":[{"embeddable":true,"href":"https:\/\/natureduca.com\/aula\/wp-json\/wp\/v2\/comments?post=726"}],"version-history":[{"count":0,"href":"https:\/\/natureduca.com\/aula\/wp-json\/wp\/v2\/pages\/726\/revisions"}],"wp:featuredmedia":[{"embeddable":true,"href":"https:\/\/natureduca.com\/aula\/wp-json\/"}],"wp:attachment":[{"href":"https:\/\/natureduca.com\/aula\/wp-json\/wp\/v2\/media?parent=726"}],"curies":[{"name":"wp","href":"https:\/\/api.w.org\/{rel}","templated":true}]}}