{"id":550,"date":"2021-11-30T19:18:38","date_gmt":"2021-11-30T19:18:38","guid":{"rendered":"https:\/\/natureduca.com\/aula\/?page_id=550"},"modified":"2022-10-16T20:02:45","modified_gmt":"2022-10-16T20:02:45","slug":"indice-contaminacion","status":"publish","type":"page","link":"https:\/\/natureduca.com\/aula\/indice-contaminacion\/","title":{"rendered":"\u00cdndice: Contaminaci\u00f3n"},"content":{"rendered":"\t\t\t\t<div class=\"wp-block-uagb-table-of-contents uagb-toc__align-left uagb-toc__columns-1  uagb-block-1e7aa34a      \"\n\t\t\t\t\tdata-scroll= \"1\"\n\t\t\t\t\tdata-offset= \"30\"\n\t\t\t\t\tstyle=\"\"\n\t\t\t\t>\n\t\t\t\t<div class=\"uagb-toc__wrap\">\n\t\t\t\t\t\t<div class=\"uagb-toc__title\">\n\t\t\t\t\t\t\tTabla de contenidos\t\t\t\t\t\t<\/div>\n\t\t\t\t\t\t\t\t\t\t\t\t\t\t\t\t\t\t\t\t\t\t<div class=\"uagb-toc__list-wrap \">\n\t\t\t\t\t\t<ol class=\"uagb-toc__list\"><li class=\"uagb-toc__list\"><a href=\"#marina\" class=\"uagb-toc-link__trigger\">MARINA<\/a><li class=\"uagb-toc__list\"><a href=\"#atmosf\u00e9rica\" class=\"uagb-toc-link__trigger\">ATMOSF\u00c9RICA<\/a><li class=\"uagb-toc__list\"><a href=\"#terrestre\" class=\"uagb-toc-link__trigger\">TERRESTRE<\/a><li class=\"uagb-toc__list\"><a href=\"#acu\u00e1tica\" class=\"uagb-toc-link__trigger\">ACU\u00c1TICA<\/a><li class=\"uagb-toc__list\"><a href=\"#legislaci\u00f3n-transportes\" class=\"uagb-toc-link__trigger\">LEGISLACI\u00d3N TRANSPORTES<\/a><\/ol>\t\t\t\t\t<\/div>\n\t\t\t\t\t\t\t\t\t<\/div>\n\t\t\t\t<\/div>\n\t\t\t\n\n\n<h2 class=\"wp-block-heading\">MARINA<\/h2>\n\n\n\n<ul class=\"wp-block-list\"><li><a href=\"https:\/\/natureduca.com\/aula\/contaminacion-marina-derrames-de-sustancias-quimicas-en-el-mar\/\">Derrames de sustancias qu\u00edmicas en el mar<\/a><br>Los SNPP, reacci\u00f3n de los productos qu\u00edmicos.<\/li><li><a href=\"https:\/\/natureduca.com\/aula\/contaminacion-marina-historia-de-las-mareas-negras-1a-parte\/\">Historia de las mareas negras &#8211; 1\u00aa parte<\/a><br>Introducci\u00f3n. 1967: la primera gran cat\u00e1strofe de la historia: el&nbsp;<em>Torrey Canyon<\/em>.<\/li><li><a href=\"https:\/\/natureduca.com\/aula\/contaminacion-marina-historia-de-las-mareas-negras-2a-parte\/\">Historia de las mareas negras &#8211; 2\u00aa parte<\/a><br>1970 a 1979:&nbsp;<em>Polycommander, Texaco Oklahoma, Trader, Taxanita&nbsp;<\/em>y<em>&nbsp;Oswego Guardian, Sea, Metula, Showa Maru, Olimpyc Braveary,&nbsp; Urquiola, Amoco C\u00e1diz<\/em><\/li><li><a href=\"https:\/\/natureduca.com\/aula\/contaminacion-marina-historia-de-las-mareas-negras-3a-parte\/\">Historia de las mareas negras &#8211; 3\u00aa parte<\/a><br>1979 a 1989:<em>&nbsp;Andros Patria, Ixtoc I, Aegean Captain&nbsp;<\/em>y<em>&nbsp;Atlantic Empress, Burmah Agate&nbsp;<\/em>y<em>&nbsp;Mimosa, Castillo de Bellver, \u00c1ngela Pando, Exxon Valdez, Puppy, Chevron, Khark, Arag\u00f3n.<\/em><\/li><li><a href=\"https:\/\/natureduca.com\/aula\/contaminacion-marina-historia-de-las-mareas-negras-4a-parte\/\">Historia de las mareas negras &#8211; 4\u00aa parte<\/a><br>1990 a 1992:<em>, Cibro Savannah, Mega Borg, Sea Spirit y Hesperus, J\u00fapiter, Haven, Aegean Sea&nbsp;<\/em>(Mar Egeo)<em>.<\/em><\/li><li><a href=\"https:\/\/natureduca.com\/aula\/contaminacion-marina-historia-de-las-mareas-negras-5a-parte\/\">Historia de las mareas negras &#8211; 5\u00aa parte<\/a><br>1993 a 1994:<em>&nbsp;Braer, Maersk Navigator; Bouchard B155, Balsa 37 y Ocean 255, Cosmas, Nassia.<\/em><\/li><li><a href=\"https:\/\/natureduca.com\/aula\/contaminacion-marina-historia-de-las-mareas-negras-6a-parte\/\">Historia de las mareas negras &#8211; 6\u00aa parte<\/a><br>1999 a 2000:&nbsp;<em>Sea Empress, Najodka, San Jorge,&nbsp;<\/em>vertido en el&nbsp;<em>Mar del Jap\u00f3n,Erika, Natuna Sea.<\/em><\/li><li><a href=\"https:\/\/natureduca.com\/aula\/contaminacion-marina-historia-de-las-mareas-negras-7a-parte\/\">Historia de las mareas negras &#8211; 7\u00aa parte<\/a><br>2001:&nbsp;<em>Jessica.<\/em><\/li><li><a href=\"https:\/\/natureduca.com\/aula\/contaminacion-marina-historia-de-las-mareas-negras-8a-parte\/\">Historia de las mareas negras &#8211; 8\u00aa parte<\/a><br>2001 a 2002:&nbsp;<em><em>Tromso Trust. Prestige.<\/em><\/em><\/li><li><a href=\"https:\/\/natureduca.com\/aula\/contaminacion-marina-historia-de-las-mareas-negras-9a-parte\/\">Historia de las mareas negras &#8211; 9\u00aa parte<\/a><br>2002:<em>&nbsp;Jessica&nbsp;<\/em>(continuaci\u00f3n)<em>,&nbsp;<\/em>Otros siniestros con origen en tierra.<\/li><li><a href=\"https:\/\/natureduca.com\/aula\/contaminacion-marina-vertidos-de-hidrocarburos-1a-parte\/\">&nbsp;Vertidos de hidrocarburos &#8211; 1\u00aa parte<\/a><br>Los peligros inmediatos, actividad en aguas costeras.<\/li><li><a href=\"https:\/\/natureduca.com\/aula\/contaminacion-marina-vertidos-de-hidrocarburos-2a-parte\/\">Vertidos de hidrocarburos &#8211; 2\u00aa parte<\/a><br>Comportamiento de una marea negra: los factores que intervienen en la deriva de un hidrocarburo.<\/li><li><a href=\"https:\/\/natureduca.com\/aula\/contaminacion-marina-vertidos-de-hidrocarburos-3a-parte\/\">Vertidos de hidrocarburos &#8211; 3\u00aa parte<\/a><br>Comportamiento de una marea negra (continuaci\u00f3n): los procesos de envejecimiento.<\/li><li><a href=\"https:\/\/natureduca.com\/aula\/contaminacion-marina-vertidos-de-hidrocarburos-4a-parte\/\">Vertidos de hidrocarburos &#8211; 4\u00aa parte<\/a><br>Comportamiento de una marea negra (continuaci\u00f3n): comportamiento en playas y costas.<\/li><li><strong><a href=\"https:\/\/natureduca.com\/aula\/contaminacion-marina-tecnicas-de-limpieza-de-hidrocarburos-1a-parte\/\">T\u00e9cnicas de limpieza de hidrocarburos &#8211; 1\u00aa parte<\/a><\/strong><br>Los efectos de las limpiezas sobre los organismos vivos, actividades de contenci\u00f3n y limpieza en el mar y litoral.<\/li><li><a href=\"https:\/\/natureduca.com\/aula\/contaminacion-marina-tecnicas-de-limpieza-de-hidrocarburos-2a-parte\/\">T\u00e9cnicas de limpieza de hidrocarburos &#8211; 2\u00aa parte<\/a><br>actividades de contenci\u00f3n y limpieza en el mar y litoral (continuaci\u00f3n).<\/li><li><a href=\"https:\/\/natureduca.com\/aula\/contaminacion-marina-tecnicas-de-limpieza-de-hidrocarburos-3a-parte\/\">T\u00e9cnicas de limpieza de hidrocarburos &#8211; 3\u00aa parte<\/a><br>Extracci\u00f3n del hidrocarburo.<\/li><li><a href=\"https:\/\/natureduca.com\/aula\/contaminacion-marina-tecnicas-de-limpieza-de-hidrocarburos-4a-parte\/\">T\u00e9cnicas de limpieza de hidrocarburos &#8211; 4\u00aa parte<\/a><br>Las labores de limpieza en playas y con valores recreacionales, actividades en aguas pantanosas.<\/li><li><a href=\"https:\/\/natureduca.com\/aula\/contaminacion-marina-tecnicas-de-limpieza-de-hidrocarburos-5a-parte\/\">T\u00e9cnicas de limpieza de hidrocarburos &#8211; 5\u00aa parte<\/a><br>Estabilizaci\u00f3n y eliminaci\u00f3n.<\/li><li><a href=\"https:\/\/natureduca.com\/aula\/contaminacion-marina-tecnicas-de-limpieza-de-hidrocarburos-6a-parte\/\">T\u00e9cnicas de limpieza de hidrocarburos &#8211; 6\u00aa parte<\/a><br>Estabilizaci\u00f3n y eliminaci\u00f3n (continuaci\u00f3n).<\/li><\/ul>\n\n\n\n<h2 class=\"wp-block-heading\">ATMOSF\u00c9RICA<\/h2>\n\n\n\n<ul class=\"wp-block-list\"><li><a href=\"https:\/\/natureduca.com\/aula\/contaminacion-atmosferica-fuentes-y-efectos-de-los-contaminantes-atmosfericos\/\">Fuentes y efectos de los contaminantes atmosf\u00e9ricos<\/a><br>Introducci\u00f3n, los contaminantes con origen en las actividades humanas. C\u00f3mo afecta la contaminaci\u00f3n a la atm\u00f3sfera y los organismos vivos.<\/li><li><a href=\"https:\/\/natureduca.com\/aula\/contaminacion-atmosferica-la-lluvia-acida\/\">La lluvia \u00e1cida<\/a><br>Introducci\u00f3n, los antecedentes de la Revoluci\u00f3n industrial, c\u00f3mo se inyectan y se desplazan los gases en la atm\u00f3sfera, efectos sobre los organismos y las construcciones.<\/li><\/ul>\n\n\n\n<h2 class=\"wp-block-heading\">TERRESTRE<\/h2>\n\n\n\n<ul class=\"wp-block-list\"><li><a href=\"https:\/\/natureduca.com\/aula\/contaminacion-terrestre-la-contaminacion-de-los-suelos-1a-parte\/\">La contaminaci\u00f3n de los suelos &#8211; 1\u00aa parte<\/a><br>Los l\u00edmites de las cadenas tr\u00f3ficas, la biodegradabilidad de los materiales.<\/li><li><a href=\"https:\/\/natureduca.com\/aula\/contaminacion-terrestre-la-contaminacion-de-los-suelos-2a-parte\/\">La contaminaci\u00f3n de los suelos &#8211; 2\u00aa parte<\/a><br>Insecticidas y bioinsecticidas, tambi\u00e9n los herbicidas pueden contaminar&#8230;, otras fuentes contaminantes.<\/li><li><a href=\"https:\/\/natureduca.com\/aula\/contaminacion-terrestre-la-contaminacion-de-los-suelos-3a-parte\/\">La contaminaci\u00f3n de los suelos &#8211; 3\u00aa parte<\/a><br>La recuperaci\u00f3n de un suelo contaminado, los riesgos del PVC.<\/li><\/ul>\n\n\n\n<h2 class=\"wp-block-heading\">ACU\u00c1TICA<\/h2>\n\n\n\n<ul class=\"wp-block-list\"><li><a href=\"https:\/\/natureduca.com\/aula\/contaminacion-acuatica-la-contaminacion-de-aguas-1a-parte\/\">La contaminaci\u00f3n de las aguas &#8211; 1\u00aa parte<\/a><\/li><li><a href=\"https:\/\/natureduca.com\/aula\/contaminacion-acuatica-la-contaminacion-de-las-aguas-2a-parte\/\">La contaminaci\u00f3n de las aguas &#8211; 2\u00aa parte<\/a><\/li><li><a href=\"https:\/\/natureduca.com\/aula\/contaminacion-acuatica-donana-1998-tragedia-con-final-feliz-1a-parte\/\">Do\u00f1ana 1998, \u00bftragedia con final feliz&#8230;? &#8211; 1\u00aa parte<\/a><br>km. de carga letal, las obras y labores de limpieza, el alcance del desastre ecol\u00f3gico.<\/li><li><a href=\"https:\/\/natureduca.com\/aula\/contaminacion-acuatica-donana-1998-tragedia-con-final-feliz-2a-parte\/\">Do\u00f1ana 1998, \u00bftragedia con final feliz&#8230;? &#8211; 2\u00aa parte<\/a><br>\u00bfQu\u00e9 es Do\u00f1ana?<\/li><\/ul>\n\n\n\n<h2 class=\"wp-block-heading\">LEGISLACI\u00d3N TRANSPORTES<\/h2>\n\n\n\n<ul class=\"wp-block-list\"><li><a href=\"https:\/\/natureduca.com\/aula\/contaminacion-legislacion-convenio-de-londres-para-la-prevencion-de-la-contaminacion-marina-por-vertidos-de-residuos-y-otras-materias\/\">Convenio de Londres para la Prevenci\u00f3n de la Contaminaci\u00f3n Marina por Vertidos de Residuos y otras materias<\/a><\/li><li><a href=\"https:\/\/natureduca.com\/aula\/contaminacion-legislacion-convenio-de-barcelona-para-la-proteccion-contra-la-contaminacion-del-mar-mediterraneo\/\">Convenio de Barcelona para la Protecci\u00f3n contra la Contaminaci\u00f3n del Mar Mediterr\u00e1neo<\/a><\/li><li><a href=\"https:\/\/natureduca.com\/aula\/contaminacion-legislacion-evolucion-de-la-normativa-sobre-transportes-de-mercancias-peligrosas-1a-parte\/\">Evoluci\u00f3n de la normativa sobre transportes de mercanc\u00edas peligrosas &#8211; 1\u00aa parte<\/a><\/li><li><a href=\"https:\/\/natureduca.com\/aula\/contaminacion-legislacion-evolucion-de-la-normativa-sobre-transportes-de-mercancias-peligrosas-2a-parte\/\">Evoluci\u00f3n de la normativa sobre transportes de mercanc\u00edas peligrosas &#8211; 2\u00aa parte<\/a><\/li><li><a href=\"https:\/\/natureduca.com\/aula\/contaminacion-legislacion-convenio-marpol-73-78-para-el-control-de-los-buques-y-sus-vertidos-1a-parte\/\">Convenio Marpol 73\/78 para el control de los buques y sus vertidos &#8211; 1\u00aa parte<\/a><\/li><li><a href=\"https:\/\/natureduca.com\/aula\/contaminacion-legislacion-convenio-marpol-73-78-para-el-control-de-los-buques-y-sus-vertidos-2a-parte\/\">Convenio Marpol 73\/78 para el control de los buques y sus vertidos &#8211; 2\u00aa parte<\/a><\/li><li><a href=\"https:\/\/natureduca.com\/aula\/contaminacion-legislacion-convenios-internacionales-para-la-prevencion-de-la-contaminacion-marina\/\">Convenios Internacionales para la Prevenci\u00f3n de la Contaminaci\u00f3n Marina<\/a><\/li><li><a href=\"https:\/\/natureduca.com\/aula\/contaminacion-legislacion-convenio-oslo-paris-para-la-proteccion-del-medio-ambiente-marino-del-atlantico-nordeste-1a-parte\/\">Convenio Oslo-Par\u00eds para la Protecci\u00f3n del Medio Ambiente Marino del Atl\u00e1ntico Nordeste &#8211; 1\u00aa parte<\/a><\/li><li><a href=\"https:\/\/natureduca.com\/aula\/contaminacion-legislacion-convenio-oslo-paris-para-la-proteccion-del-medio-ambiente-marino-del-atlantico-nordeste-2a-parte\/\"> Convenio Oslo-Par\u00eds para la Protecci\u00f3n del Medio Ambiente Marino del Atl\u00e1ntico Nordeste &#8211; 2\u00aa parte<\/a><\/li><\/ul>\n\n\n\n<p class=\"has-text-align-center\"><a href=\"https:\/\/natureduca.com\/aula\/index.php\"><img title=\" \"decoding=\"async\" src=\"https:\/\/natureduca.com\/logos\/icono_index1.jpg\" alt=\" \"><br>INICIO<\/a><\/p>\n","protected":false},"excerpt":{"rendered":"<p>MARINA Derrames de sustancias qu\u00edmicas en el marLos SNPP, reacci\u00f3n de los productos qu\u00edmicos. Historia de las mareas negras &#8211; 1\u00aa parteIntroducci\u00f3n. 1967: la primera gran cat\u00e1strofe de la historia: el&nbsp;Torrey Canyon. Historia de las mareas negras &#8211; 2\u00aa parte1970 a 1979:&nbsp;Polycommander, Texaco Oklahoma, Trader, Taxanita&nbsp;y&nbsp;Oswego Guardian, Sea, Metula, Showa&#8230;<\/p>\n<p class=\"continue-reading-button\"> <a class=\"continue-reading-link\" href=\"https:\/\/natureduca.com\/aula\/indice-contaminacion\/\">Seguir leyendo&#8230;<i class=\"crycon-right-dir\"><\/i><\/a><\/p>\n","protected":false},"author":3,"featured_media":-1,"parent":0,"menu_order":0,"comment_status":"closed","ping_status":"closed","template":"","meta":{"_uag_custom_page_level_css":"","footnotes":""},"class_list":["post-550","page","type-page","status-publish","has-post-thumbnail","hentry"],"yoast_head":"<!-- This site is optimized with the Yoast SEO plugin v27.4 - https:\/\/yoast.com\/product\/yoast-seo-wordpress\/ -->\n<title>\u00cdndice: Contaminaci\u00f3n - Aula de Naturaleza educativa<\/title>\n<meta name=\"robots\" content=\"index, follow, max-snippet:-1, max-image-preview:large, max-video-preview:-1\" \/>\n<link rel=\"canonical\" href=\"https:\/\/natureduca.com\/aula\/indice-contaminacion\/\" \/>\n<meta property=\"og:locale\" content=\"es_ES\" \/>\n<meta property=\"og:type\" content=\"article\" \/>\n<meta property=\"og:title\" content=\"\u00cdndice: Contaminaci\u00f3n - Aula de Naturaleza educativa\" \/>\n<meta property=\"og:description\" content=\"MARINA Derrames de sustancias qu\u00edmicas en el marLos SNPP, reacci\u00f3n de los productos qu\u00edmicos. Historia de las mareas negras &#8211; 1\u00aa parteIntroducci\u00f3n. 1967: la primera gran cat\u00e1strofe de la historia: el&nbsp;Torrey Canyon. Historia de las mareas negras &#8211; 2\u00aa parte1970 a 1979:&nbsp;Polycommander, Texaco Oklahoma, Trader, Taxanita&nbsp;y&nbsp;Oswego Guardian, Sea, Metula, Showa... Seguir leyendo...\" \/>\n<meta property=\"og:url\" content=\"https:\/\/natureduca.com\/aula\/indice-contaminacion\/\" \/>\n<meta property=\"og:site_name\" content=\"Aula de Naturaleza educativa\" \/>\n<meta property=\"article:modified_time\" content=\"2022-10-16T20:02:45+00:00\" \/>\n<meta name=\"twitter:card\" content=\"summary_large_image\" \/>\n<meta name=\"twitter:label1\" content=\"Tiempo de lectura\" \/>\n\t<meta name=\"twitter:data1\" content=\"4 minutos\" \/>\n<script type=\"application\/ld+json\" class=\"yoast-schema-graph\">{\"@context\":\"https:\\\/\\\/schema.org\",\"@graph\":[{\"@type\":\"WebPage\",\"@id\":\"https:\\\/\\\/natureduca.com\\\/aula\\\/indice-contaminacion\\\/\",\"url\":\"https:\\\/\\\/natureduca.com\\\/aula\\\/indice-contaminacion\\\/\",\"name\":\"\u00cdndice: Contaminaci\u00f3n - Aula de Naturaleza educativa\",\"isPartOf\":{\"@id\":\"https:\\\/\\\/natureduca.com\\\/aula\\\/#website\"},\"primaryImageOfPage\":{\"@id\":\"https:\\\/\\\/natureduca.com\\\/aula\\\/indice-contaminacion\\\/#primaryimage\"},\"image\":{\"@id\":\"https:\\\/\\\/natureduca.com\\\/aula\\\/indice-contaminacion\\\/#primaryimage\"},\"thumbnailUrl\":\"https:\\\/\\\/natureduca.com\\\/logos\\\/icono_index1.jpg\",\"datePublished\":\"2021-11-30T19:18:38+00:00\",\"dateModified\":\"2022-10-16T20:02:45+00:00\",\"breadcrumb\":{\"@id\":\"https:\\\/\\\/natureduca.com\\\/aula\\\/indice-contaminacion\\\/#breadcrumb\"},\"inLanguage\":\"es\",\"potentialAction\":[{\"@type\":\"ReadAction\",\"target\":[\"https:\\\/\\\/natureduca.com\\\/aula\\\/indice-contaminacion\\\/\"]}]},{\"@type\":\"ImageObject\",\"inLanguage\":\"es\",\"@id\":\"https:\\\/\\\/natureduca.com\\\/aula\\\/indice-contaminacion\\\/#primaryimage\",\"url\":\"https:\\\/\\\/natureduca.com\\\/logos\\\/icono_index1.jpg\",\"contentUrl\":\"https:\\\/\\\/natureduca.com\\\/logos\\\/icono_index1.jpg\"},{\"@type\":\"BreadcrumbList\",\"@id\":\"https:\\\/\\\/natureduca.com\\\/aula\\\/indice-contaminacion\\\/#breadcrumb\",\"itemListElement\":[{\"@type\":\"ListItem\",\"position\":1,\"name\":\"Portada\",\"item\":\"https:\\\/\\\/natureduca.com\\\/aula\\\/\"},{\"@type\":\"ListItem\",\"position\":2,\"name\":\"\u00cdndice: Contaminaci\u00f3n\"}]},{\"@type\":\"WebSite\",\"@id\":\"https:\\\/\\\/natureduca.com\\\/aula\\\/#website\",\"url\":\"https:\\\/\\\/natureduca.com\\\/aula\\\/\",\"name\":\"Aula de Naturaleza educativa\",\"description\":\"Aula de Naturaleza educativa. Miles de art\u00edculos enciclop\u00e9dicos sobre Naturaleza, Medioambiente y Tecnolog\u00eda\",\"potentialAction\":[{\"@type\":\"SearchAction\",\"target\":{\"@type\":\"EntryPoint\",\"urlTemplate\":\"https:\\\/\\\/natureduca.com\\\/aula\\\/?s={search_term_string}\"},\"query-input\":{\"@type\":\"PropertyValueSpecification\",\"valueRequired\":true,\"valueName\":\"search_term_string\"}}],\"inLanguage\":\"es\"}]}<\/script>\n<!-- \/ Yoast SEO plugin. -->","yoast_head_json":{"title":"\u00cdndice: Contaminaci\u00f3n - Aula de Naturaleza educativa","robots":{"index":"index","follow":"follow","max-snippet":"max-snippet:-1","max-image-preview":"max-image-preview:large","max-video-preview":"max-video-preview:-1"},"canonical":"https:\/\/natureduca.com\/aula\/indice-contaminacion\/","og_locale":"es_ES","og_type":"article","og_title":"\u00cdndice: Contaminaci\u00f3n - Aula de Naturaleza educativa","og_description":"MARINA Derrames de sustancias qu\u00edmicas en el marLos SNPP, reacci\u00f3n de los productos qu\u00edmicos. Historia de las mareas negras &#8211; 1\u00aa parteIntroducci\u00f3n. 1967: la primera gran cat\u00e1strofe de la historia: el&nbsp;Torrey Canyon. Historia de las mareas negras &#8211; 2\u00aa parte1970 a 1979:&nbsp;Polycommander, Texaco Oklahoma, Trader, Taxanita&nbsp;y&nbsp;Oswego Guardian, Sea, Metula, Showa... Seguir leyendo...","og_url":"https:\/\/natureduca.com\/aula\/indice-contaminacion\/","og_site_name":"Aula de Naturaleza educativa","article_modified_time":"2022-10-16T20:02:45+00:00","twitter_card":"summary_large_image","twitter_misc":{"Tiempo de lectura":"4 minutos"},"schema":{"@context":"https:\/\/schema.org","@graph":[{"@type":"WebPage","@id":"https:\/\/natureduca.com\/aula\/indice-contaminacion\/","url":"https:\/\/natureduca.com\/aula\/indice-contaminacion\/","name":"\u00cdndice: Contaminaci\u00f3n - Aula de Naturaleza educativa","isPartOf":{"@id":"https:\/\/natureduca.com\/aula\/#website"},"primaryImageOfPage":{"@id":"https:\/\/natureduca.com\/aula\/indice-contaminacion\/#primaryimage"},"image":{"@id":"https:\/\/natureduca.com\/aula\/indice-contaminacion\/#primaryimage"},"thumbnailUrl":"https:\/\/natureduca.com\/logos\/icono_index1.jpg","datePublished":"2021-11-30T19:18:38+00:00","dateModified":"2022-10-16T20:02:45+00:00","breadcrumb":{"@id":"https:\/\/natureduca.com\/aula\/indice-contaminacion\/#breadcrumb"},"inLanguage":"es","potentialAction":[{"@type":"ReadAction","target":["https:\/\/natureduca.com\/aula\/indice-contaminacion\/"]}]},{"@type":"ImageObject","inLanguage":"es","@id":"https:\/\/natureduca.com\/aula\/indice-contaminacion\/#primaryimage","url":"https:\/\/natureduca.com\/logos\/icono_index1.jpg","contentUrl":"https:\/\/natureduca.com\/logos\/icono_index1.jpg"},{"@type":"BreadcrumbList","@id":"https:\/\/natureduca.com\/aula\/indice-contaminacion\/#breadcrumb","itemListElement":[{"@type":"ListItem","position":1,"name":"Portada","item":"https:\/\/natureduca.com\/aula\/"},{"@type":"ListItem","position":2,"name":"\u00cdndice: Contaminaci\u00f3n"}]},{"@type":"WebSite","@id":"https:\/\/natureduca.com\/aula\/#website","url":"https:\/\/natureduca.com\/aula\/","name":"Aula de Naturaleza educativa","description":"Aula de Naturaleza educativa. Miles de art\u00edculos enciclop\u00e9dicos sobre Naturaleza, Medioambiente y Tecnolog\u00eda","potentialAction":[{"@type":"SearchAction","target":{"@type":"EntryPoint","urlTemplate":"https:\/\/natureduca.com\/aula\/?s={search_term_string}"},"query-input":{"@type":"PropertyValueSpecification","valueRequired":true,"valueName":"search_term_string"}}],"inLanguage":"es"}]}},"featured_image_src":null,"featured_image_src_square":null,"uagb_featured_image_src":{"full":false,"thumbnail":false,"medium":false,"medium_large":false,"large":false,"1536x1536":false,"2048x2048":false,"custom":false,"gb-block-post-grid-landscape":false,"gb-block-post-grid-square":false,"post-thumbnail":false,"header":false,"slider":false,"columns":false},"uagb_author_info":{"display_name":"Admin","author_link":"https:\/\/natureduca.com\/aula\/author\/jefe\/"},"uagb_comment_info":0,"uagb_excerpt":"MARINA Derrames de sustancias qu\u00edmicas en el marLos SNPP, reacci\u00f3n de los productos qu\u00edmicos. Historia de las mareas negras &#8211; 1\u00aa parteIntroducci\u00f3n. 1967: la primera gran cat\u00e1strofe de la historia: el&nbsp;Torrey Canyon. Historia de las mareas negras &#8211; 2\u00aa parte1970 a 1979:&nbsp;Polycommander, Texaco Oklahoma, Trader, Taxanita&nbsp;y&nbsp;Oswego Guardian, Sea, Metula, Showa... Seguir leyendo...","amp_enabled":true,"_links":{"self":[{"href":"https:\/\/natureduca.com\/aula\/wp-json\/wp\/v2\/pages\/550","targetHints":{"allow":["GET"]}}],"collection":[{"href":"https:\/\/natureduca.com\/aula\/wp-json\/wp\/v2\/pages"}],"about":[{"href":"https:\/\/natureduca.com\/aula\/wp-json\/wp\/v2\/types\/page"}],"author":[{"embeddable":true,"href":"https:\/\/natureduca.com\/aula\/wp-json\/wp\/v2\/users\/3"}],"replies":[{"embeddable":true,"href":"https:\/\/natureduca.com\/aula\/wp-json\/wp\/v2\/comments?post=550"}],"version-history":[{"count":0,"href":"https:\/\/natureduca.com\/aula\/wp-json\/wp\/v2\/pages\/550\/revisions"}],"wp:featuredmedia":[{"embeddable":true,"href":"https:\/\/natureduca.com\/aula\/wp-json\/"}],"wp:attachment":[{"href":"https:\/\/natureduca.com\/aula\/wp-json\/wp\/v2\/media?parent=550"}],"curies":[{"name":"wp","href":"https:\/\/api.w.org\/{rel}","templated":true}]}}